{"id":39,"date":"2025-05-12T10:04:28","date_gmt":"2025-05-12T08:04:28","guid":{"rendered":"https:\/\/burn.maximedesign.fr\/?page_id=39"},"modified":"2025-05-20T11:38:38","modified_gmt":"2025-05-20T09:38:38","slug":"histoire","status":"publish","type":"page","link":"https:\/\/burn.maximedesign.fr\/?page_id=39","title":{"rendered":"HISTOIRE"},"content":{"rendered":"\t\t<div data-elementor-type=\"wp-page\" data-elementor-id=\"39\" class=\"elementor elementor-39\" data-elementor-post-type=\"page\">\n\t\t\t\t<div class=\"elementor-element elementor-element-138b4be e-flex e-con-boxed e-con e-parent\" data-id=\"138b4be\" data-element_type=\"container\">\n\t\t\t\t\t<div class=\"e-con-inner\">\n\t\t\t\t<div class=\"elementor-element elementor-element-cb3f7d1 elementor-widget-divider--view-line elementor-widget elementor-widget-divider\" data-id=\"cb3f7d1\" data-element_type=\"widget\" data-widget_type=\"divider.default\">\n\t\t\t\t<div class=\"elementor-widget-container\">\n\t\t\t\t\t\t\t<div class=\"elementor-divider\">\n\t\t\t<span class=\"elementor-divider-separator\">\n\t\t\t\t\t\t<\/span>\n\t\t<\/div>\n\t\t\t\t\t\t<\/div>\n\t\t\t\t<\/div>\n\t\t\t\t<div class=\"elementor-element elementor-element-0fe4b93 elementor-widget elementor-widget-heading\" data-id=\"0fe4b93\" data-element_type=\"widget\" data-widget_type=\"heading.default\">\n\t\t\t\t<div class=\"elementor-widget-container\">\n\t\t\t\t\t<h2 class=\"elementor-heading-title elementor-size-default\"><span style=\"color: rgb(236, 236, 236); font-family: &quot;Google Sans&quot;, Arial, sans-serif; font-size: 16px; font-weight: 400; text-align: start; white-space-collapse: collapse; background-color: rgb(16, 18, 24);\"><img decoding=\"async\" draggable=\"false\" role=\"img\" class=\"emoji\" alt=\"\ud83c\udf36\ufe0f\" src=\"https:\/\/s.w.org\/images\/core\/emoji\/15.1.0\/svg\/1f336.svg\"><\/span>A PROPOS DE NOUS<img decoding=\"async\" draggable=\"false\" role=\"img\" class=\"emoji\" alt=\"\ud83c\udf36\ufe0f\" src=\"https:\/\/s.w.org\/images\/core\/emoji\/15.1.0\/svg\/1f336.svg\" style=\"color: rgb(236, 236, 236); font-family: &quot;Google Sans&quot;, Arial, sans-serif; font-size: 16px; font-weight: 400; text-align: start; white-space-collapse: collapse;\"><br><\/h2>\t\t\t\t<\/div>\n\t\t\t\t<\/div>\n\t\t\t\t\t<\/div>\n\t\t\t\t<\/div>\n\t\t<div class=\"elementor-element elementor-element-c5902ff e-con-full e-flex e-con e-parent\" data-id=\"c5902ff\" data-element_type=\"container\">\n\t\t<div class=\"elementor-element elementor-element-a338195 e-con-full e-flex e-con e-child\" data-id=\"a338195\" data-element_type=\"container\">\n\t\t\t\t<div class=\"elementor-element elementor-element-424b43d elementor-widget elementor-widget-image\" data-id=\"424b43d\" data-element_type=\"widget\" data-widget_type=\"image.default\">\n\t\t\t\t<div class=\"elementor-widget-container\">\n\t\t\t\t\t\t\t\t\t\t\t\t\t\t\t<img fetchpriority=\"high\" decoding=\"async\" width=\"512\" height=\"512\" src=\"https:\/\/burn.maximedesign.fr\/wp-content\/uploads\/2025\/05\/usine.webp\" class=\"attachment-large size-large wp-image-296\" alt=\"\" srcset=\"https:\/\/burn.maximedesign.fr\/wp-content\/uploads\/2025\/05\/usine.webp 512w, https:\/\/burn.maximedesign.fr\/wp-content\/uploads\/2025\/05\/usine-300x300.webp 300w, https:\/\/burn.maximedesign.fr\/wp-content\/uploads\/2025\/05\/usine-150x150.webp 150w\" sizes=\"(max-width: 512px) 100vw, 512px\" \/>\t\t\t\t\t\t\t\t\t\t\t\t\t\t\t<\/div>\n\t\t\t\t<\/div>\n\t\t\t\t<\/div>\n\t\t<div class=\"elementor-element elementor-element-2cfb449 e-con-full e-flex e-con e-child\" data-id=\"2cfb449\" data-element_type=\"container\">\n\t\t<div class=\"elementor-element elementor-element-bb83b66 e-con-full e-flex e-con e-child\" data-id=\"bb83b66\" data-element_type=\"container\">\n\t\t\t\t<div class=\"elementor-element elementor-element-d23ae28 elementor-widget elementor-widget-text-editor\" data-id=\"d23ae28\" data-element_type=\"widget\" data-widget_type=\"text-editor.default\">\n\t\t\t\t<div class=\"elementor-widget-container\">\n\t\t\t\t\t\t\t\t\t<p><b><u>BURN.<\/u><\/b> c\u2019est <b>LA<\/b>\u00a0sauce piquante pens\u00e9e comme un vrai <b><u>challenge.<\/u><\/b> Rivalise avec les autres, fais grimper la temp\u00e9rature et <b>prouve<\/b> ce que t\u2019as dans le ventre.<br data-start=\"309\" data-end=\"312\" \/><br \/><\/p><p><i><b>Challenges <\/b><\/i><i><b>TikTok<\/b><\/i>, <i><b>duels entre <\/b><\/i><i><b>potes<\/b><\/i>, <i><b>tests <\/b><\/i><i><b>extr\u00eames<\/b><\/i>\u00a0t\u2019es pr\u00eat ?<\/p>\t\t\t\t\t\t\t\t<\/div>\n\t\t\t\t<\/div>\n\t\t\t\t<\/div>\n\t\t<div class=\"elementor-element elementor-element-130c790 e-con-full e-flex e-con e-child\" data-id=\"130c790\" data-element_type=\"container\">\n\t\t\t\t<div class=\"elementor-element elementor-element-3f26301 elementor-widget elementor-widget-text-editor\" data-id=\"3f26301\" data-element_type=\"widget\" data-widget_type=\"text-editor.default\">\n\t\t\t\t<div class=\"elementor-widget-container\">\n\t\t\t\t\t\t\t\t\t<p>Chaque flacon de <u><b>BURN.<\/b><\/u> est une invitation \u00e0 se <b>d\u00e9passer.<\/b> Que tu sois <i>cr\u00e9ateur de <\/i><i>contenu<\/i>, <i>amateur de sensations fortes<\/i> ou juste l\u00e0 pour <i>chauffer l\u2019ambiance<\/i>, t\u2019as qu&rsquo;une seule mission&#8230;\u00a0<\/p><p><b><i>Tenir le coup<\/i><\/b>\u2026 ou <b><i>assumer<\/i><\/b>.\u00a0<span style=\"background-color: #101218; color: #ececec; font-family: 'Google Sans', Arial, sans-serif; font-size: 1rem;\">\ud83c\udf36\ufe0f<\/span><\/p>\t\t\t\t\t\t\t\t<\/div>\n\t\t\t\t<\/div>\n\t\t\t\t<\/div>\n\t\t\t\t<\/div>\n\t\t\t\t<\/div>\n\t\t<div class=\"elementor-element elementor-element-d2e0fdf e-con-full e-flex e-con e-parent\" data-id=\"d2e0fdf\" data-element_type=\"container\">\n\t\t\t\t<div class=\"elementor-element elementor-element-a5b7338 elementor-widget-divider--view-line elementor-widget elementor-widget-divider\" data-id=\"a5b7338\" data-element_type=\"widget\" data-widget_type=\"divider.default\">\n\t\t\t\t<div class=\"elementor-widget-container\">\n\t\t\t\t\t\t\t<div class=\"elementor-divider\">\n\t\t\t<span class=\"elementor-divider-separator\">\n\t\t\t\t\t\t<\/span>\n\t\t<\/div>\n\t\t\t\t\t\t<\/div>\n\t\t\t\t<\/div>\n\t\t\t\t<\/div>\n\t\t<div class=\"elementor-element elementor-element-0ab50f9 e-flex e-con-boxed e-con e-parent\" data-id=\"0ab50f9\" data-element_type=\"container\">\n\t\t\t\t\t<div class=\"e-con-inner\">\n\t\t\t\t<div class=\"elementor-element elementor-element-da4343a elementor-widget elementor-widget-image\" data-id=\"da4343a\" data-element_type=\"widget\" data-widget_type=\"image.default\">\n\t\t\t\t<div class=\"elementor-widget-container\">\n\t\t\t\t\t\t\t\t\t\t\t\t\t\t\t<img decoding=\"async\" width=\"15\" height=\"15\" src=\"https:\/\/burn.maximedesign.fr\/wp-content\/uploads\/2025\/05\/leaf-fill-2.svg\" class=\"attachment-full size-full wp-image-307\" alt=\"\" \/>\t\t\t\t\t\t\t\t\t\t\t\t\t\t\t<\/div>\n\t\t\t\t<\/div>\n\t\t\t\t<div class=\"elementor-element elementor-element-04a0979 elementor-widget elementor-widget-image\" data-id=\"04a0979\" data-element_type=\"widget\" data-widget_type=\"image.default\">\n\t\t\t\t<div class=\"elementor-widget-container\">\n\t\t\t\t\t\t\t\t\t\t\t\t\t\t\t<img decoding=\"async\" width=\"12\" height=\"16\" src=\"https:\/\/burn.maximedesign.fr\/wp-content\/uploads\/2025\/05\/stars.svg\" class=\"attachment-large size-large wp-image-308\" alt=\"\" \/>\t\t\t\t\t\t\t\t\t\t\t\t\t\t\t<\/div>\n\t\t\t\t<\/div>\n\t\t\t\t<div class=\"elementor-element elementor-element-081e10f elementor-widget elementor-widget-image\" data-id=\"081e10f\" data-element_type=\"widget\" data-widget_type=\"image.default\">\n\t\t\t\t<div class=\"elementor-widget-container\">\n\t\t\t\t\t\t\t\t\t\t\t\t\t\t\t<img loading=\"lazy\" decoding=\"async\" width=\"15\" height=\"14\" src=\"https:\/\/burn.maximedesign.fr\/wp-content\/uploads\/2025\/05\/ui-checks.svg\" class=\"attachment-large size-large wp-image-309\" alt=\"\" \/>\t\t\t\t\t\t\t\t\t\t\t\t\t\t\t<\/div>\n\t\t\t\t<\/div>\n\t\t\t\t<div class=\"elementor-element elementor-element-a7eafe3 elementor-widget elementor-widget-image\" data-id=\"a7eafe3\" data-element_type=\"widget\" data-widget_type=\"image.default\">\n\t\t\t\t<div class=\"elementor-widget-container\">\n\t\t\t\t\t\t\t\t\t\t\t\t\t\t\t<img loading=\"lazy\" decoding=\"async\" width=\"16\" height=\"15\" src=\"https:\/\/burn.maximedesign.fr\/wp-content\/uploads\/2025\/05\/box-seam-fill.svg\" class=\"attachment-large size-large wp-image-310\" alt=\"\" \/>\t\t\t\t\t\t\t\t\t\t\t\t\t\t\t<\/div>\n\t\t\t\t<\/div>\n\t\t\t\t<div class=\"elementor-element elementor-element-888aaab elementor-widget elementor-widget-image\" data-id=\"888aaab\" data-element_type=\"widget\" data-widget_type=\"image.default\">\n\t\t\t\t<div class=\"elementor-widget-container\">\n\t\t\t\t\t\t\t\t\t\t\t\t\t\t\t<img loading=\"lazy\" decoding=\"async\" width=\"12\" height=\"16\" src=\"https:\/\/burn.maximedesign.fr\/wp-content\/uploads\/2025\/05\/droplet-fill.svg\" class=\"attachment-medium size-medium wp-image-317\" alt=\"\" \/>\t\t\t\t\t\t\t\t\t\t\t\t\t\t\t<\/div>\n\t\t\t\t<\/div>\n\t\t\t\t\t<\/div>\n\t\t\t\t<\/div>\n\t\t<div class=\"elementor-element elementor-element-9d9ee96 e-flex e-con-boxed e-con e-parent\" data-id=\"9d9ee96\" data-element_type=\"container\">\n\t\t\t\t\t<div class=\"e-con-inner\">\n\t\t\t\t<div class=\"elementor-element elementor-element-fc7d12f elementor-widget elementor-widget-heading\" data-id=\"fc7d12f\" data-element_type=\"widget\" data-widget_type=\"heading.default\">\n\t\t\t\t<div class=\"elementor-widget-container\">\n\t\t\t\t\t<h2 class=\"elementor-heading-title elementor-size-default\">Production en<br>environnement<br>contr\u00f4l\u00e9<\/h2>\t\t\t\t<\/div>\n\t\t\t\t<\/div>\n\t\t\t\t<div class=\"elementor-element elementor-element-55d2ad2 elementor-widget elementor-widget-heading\" data-id=\"55d2ad2\" data-element_type=\"widget\" data-widget_type=\"heading.default\">\n\t\t\t\t<div class=\"elementor-widget-container\">\n\t\t\t\t\t<h2 class=\"elementor-heading-title elementor-size-default\">Normes d'hygi\u00e8ne<br>strictes et respect\u00e9es<\/h2>\t\t\t\t<\/div>\n\t\t\t\t<\/div>\n\t\t\t\t<div class=\"elementor-element elementor-element-58a6d22 elementor-widget elementor-widget-heading\" data-id=\"58a6d22\" data-element_type=\"widget\" data-widget_type=\"heading.default\">\n\t\t\t\t<div class=\"elementor-widget-container\">\n\t\t\t\t\t<h2 class=\"elementor-heading-title elementor-size-default\">Contr\u00f4le qualit\u00e9<br>a chaque \u00e9tape<\/h2>\t\t\t\t<\/div>\n\t\t\t\t<\/div>\n\t\t\t\t<div class=\"elementor-element elementor-element-f35615b elementor-widget elementor-widget-heading\" data-id=\"f35615b\" data-element_type=\"widget\" data-widget_type=\"heading.default\">\n\t\t\t\t<div class=\"elementor-widget-container\">\n\t\t\t\t\t<h2 class=\"elementor-heading-title elementor-size-default\">Emballage s\u00e9curis\u00e9<br>et propre<\/h2>\t\t\t\t<\/div>\n\t\t\t\t<\/div>\n\t\t\t\t<div class=\"elementor-element elementor-element-4dd9e8b elementor-widget elementor-widget-heading\" data-id=\"4dd9e8b\" data-element_type=\"widget\" data-widget_type=\"heading.default\">\n\t\t\t\t<div class=\"elementor-widget-container\">\n\t\t\t\t\t<h2 class=\"elementor-heading-title elementor-size-default\">Sauce sans<br>conservateurs<br>artificiels<\/h2>\t\t\t\t<\/div>\n\t\t\t\t<\/div>\n\t\t\t\t\t<\/div>\n\t\t\t\t<\/div>\n\t\t<div class=\"elementor-element elementor-element-61bfa9a e-con-full e-flex e-con e-parent\" data-id=\"61bfa9a\" data-element_type=\"container\">\n\t\t\t\t<div class=\"elementor-element elementor-element-64cb75b elementor-widget-divider--view-line elementor-widget elementor-widget-divider\" data-id=\"64cb75b\" data-element_type=\"widget\" data-widget_type=\"divider.default\">\n\t\t\t\t<div class=\"elementor-widget-container\">\n\t\t\t\t\t\t\t<div class=\"elementor-divider\">\n\t\t\t<span class=\"elementor-divider-separator\">\n\t\t\t\t\t\t<\/span>\n\t\t<\/div>\n\t\t\t\t\t\t<\/div>\n\t\t\t\t<\/div>\n\t\t\t\t<\/div>\n\t\t<div class=\"elementor-element elementor-element-4d740c4 e-con-full e-flex e-con e-parent\" data-id=\"4d740c4\" data-element_type=\"container\">\n\t\t<div class=\"elementor-element elementor-element-f0bcc72 e-con-full e-flex e-con e-child\" data-id=\"f0bcc72\" data-element_type=\"container\">\n\t\t\t\t<div class=\"elementor-element elementor-element-fad003c elementor-widget elementor-widget-video\" data-id=\"fad003c\" data-element_type=\"widget\" data-settings=\"{&quot;video_type&quot;:&quot;hosted&quot;,&quot;autoplay&quot;:&quot;yes&quot;,&quot;loop&quot;:&quot;yes&quot;}\" data-widget_type=\"video.default\">\n\t\t\t\t<div class=\"elementor-widget-container\">\n\t\t\t\t\t\t\t<div class=\"e-hosted-video elementor-wrapper elementor-open-inline\">\n\t\t\t\t\t<video class=\"elementor-video\" src=\"https:\/\/burn.maximedesign.fr\/wp-content\/uploads\/2025\/05\/Firefly-je-veux-que-tu-animes-cette-image-des-bouteilles-de-piments-de-la-marque-BURN.-sont-dispo.mp4\" autoplay=\"\" loop=\"\" controlsList=\"nodownload\"><\/video>\n\t\t\t\t<\/div>\n\t\t\t\t\t\t<\/div>\n\t\t\t\t<\/div>\n\t\t\t\t<\/div>\n\t\t\t\t<\/div>\n\t\t\t\t<\/div>\n\t\t","protected":false},"excerpt":{"rendered":"<p>A PROPOS DE NOUS BURN. c\u2019est LA\u00a0sauce piquante pens\u00e9e comme un vrai challenge. Rivalise avec les autres, fais grimper la temp\u00e9rature et prouve ce que t\u2019as dans le ventre. Challenges TikTok, duels entre potes, tests extr\u00eames\u00a0t\u2019es pr\u00eat ? Chaque flacon de BURN. est une invitation \u00e0 se d\u00e9passer. Que tu sois cr\u00e9ateur de contenu, amateur [&hellip;]<\/p>\n","protected":false},"author":1,"featured_media":0,"parent":0,"menu_order":0,"comment_status":"closed","ping_status":"closed","template":"","meta":{"footnotes":""},"class_list":["post-39","page","type-page","status-publish","hentry"],"_links":{"self":[{"href":"https:\/\/burn.maximedesign.fr\/index.php?rest_route=\/wp\/v2\/pages\/39","targetHints":{"allow":["GET"]}}],"collection":[{"href":"https:\/\/burn.maximedesign.fr\/index.php?rest_route=\/wp\/v2\/pages"}],"about":[{"href":"https:\/\/burn.maximedesign.fr\/index.php?rest_route=\/wp\/v2\/types\/page"}],"author":[{"embeddable":true,"href":"https:\/\/burn.maximedesign.fr\/index.php?rest_route=\/wp\/v2\/users\/1"}],"replies":[{"embeddable":true,"href":"https:\/\/burn.maximedesign.fr\/index.php?rest_route=%2Fwp%2Fv2%2Fcomments&post=39"}],"version-history":[{"count":46,"href":"https:\/\/burn.maximedesign.fr\/index.php?rest_route=\/wp\/v2\/pages\/39\/revisions"}],"predecessor-version":[{"id":358,"href":"https:\/\/burn.maximedesign.fr\/index.php?rest_route=\/wp\/v2\/pages\/39\/revisions\/358"}],"wp:attachment":[{"href":"https:\/\/burn.maximedesign.fr\/index.php?rest_route=%2Fwp%2Fv2%2Fmedia&parent=39"}],"curies":[{"name":"wp","href":"https:\/\/api.w.org\/{rel}","templated":true}]}}